{"id":3,"date":"2024-07-12T20:52:13","date_gmt":"2024-07-12T18:52:13","guid":{"rendered":"https:\/\/www.sabine-ickler.de\/kunden\/katrinklink\/?page_id=3"},"modified":"2024-07-16T07:53:02","modified_gmt":"2024-07-16T05:53:02","slug":"datenschutzerklaerung","status":"publish","type":"page","link":"https:\/\/www.sabine-ickler.de\/kunden\/katrinklink\/datenschutzerklaerung\/","title":{"rendered":"Datenschutzerkl\u00e4rung"},"content":{"rendered":"\n<h2 class=\"wp-block-heading\">Wer wir sind<\/h2>\n\n\n\n<p>Die Adresse unserer Website ist: https:\/\/www.katrin-klink.de<\/p>\n\n\n\n<p><\/p>\n\n\n\n<h3 class=\"wp-block-heading\">Geltungsbereich<\/h3>\n\n\n\n<p id=\"u5207-5\">Diese Datenschutzerkl\u00e4rung kl\u00e4rt Nutzer \u00fcber die Art, den Umfang und Zwecke der Erhebung und Verwendung personenbezogener Daten durch den verantwortlichen Anbieter dieser Website, Katrin Klink, Niehler Str. 314, D-50735 K\u00f6ln, (im folgenden \u201cAngebot\u201d) auf.<\/p>\n\n\n\n<p>Die rechtlichen Grundlagen des Datenschutzes finden sich im Bundesdatenschutzgesetz (BDSG) und dem Telemediengesetz (TMG).<\/p>\n\n\n\n<h3 class=\"wp-block-heading\">Allgemeine Datenschutzerkl\u00e4rung<\/h3>\n\n\n\n<p id=\"u5207-13\">Durch die Nutzung unserer Website erkl\u00e4ren Sie sich mit der Erhebung, Verarbeitung und Nutzung von Daten gem\u00e4\u00df der nachfolgenden Beschreibung einverstanden. Unsere Website kann grunds\u00e4tzlich ohne Registrierung besucht werden. Dabei werden Daten wie beispielsweise aufgerufene Seiten bzw. Namen der abgerufenen Datei, Datum und Uhrzeit zu statistischen Zwecken auf dem Server gespeichert, ohne dass diese Daten unmittelbar auf Ihre Person bezogen werden. Personenbezogene Daten, insbesondere Name, Adresse oder E-Mail-Adresse werden soweit m\u00f6glich auf freiwilliger Basis erhoben. Ohne Ihre Einwilligung erfolgt keine Weitergabe der Daten an Dritte.<\/p>\n\n\n\n<h3 class=\"wp-block-heading\">Kontaktaufnahme<\/h3>\n\n\n\n<p>Bei der Kontaktaufnahme mit dem Anbieter (per E-Mail) werden die Angaben des Nutzers zwecks Bearbeitung der Anfrage sowie f\u00fcr den Fall, dass Anschlussfragen entstehen, gespeichert.<\/p>\n\n\n\n<h3 class=\"wp-block-heading\">Datenschutzerkl\u00e4rung f\u00fcr Cookies<\/h3>\n\n\n\n<p id=\"u5207-25\">Unsere Website verwendet Cookies. Das sind kleine Textdateien, die es m\u00f6glich machen, auf dem Endger\u00e4t des Nutzers spezifische, auf den Nutzer bezogene Informationen zu speichern, w\u00e4hrend er die Website nutzt. Cookies erm\u00f6glichen es, insbesondere Nutzungsh\u00e4ufigkeit und Nutzeranzahl der Seiten zu ermitteln, Verhaltensweisen der Seitennutzung zu analysieren, aber auch unser Angebot kundenfreundlicher zu gestalten. Cookies bleiben \u00fcber das Ende einer Browser-Sitzung gespeichert und k\u00f6nnen bei einem erneuten Seitenbesuch wieder aufgerufen werden. Wenn Sie das nicht w\u00fcnschen, sollten Sie Ihren Internetbrowser so einstellen, dass er die Annahme von Cookies verweigert.<\/p>\n\n\n\n<h3 class=\"wp-block-heading\">Eingebettete Inhalte von anderen Websites<\/h3>\n\n\n\n<p>Wir erheben keine Daten von Ihnen in der Absicht, diese auszuwerten oder zu verwenden. Damit Webseiten dargestellt oder Videos abgespielt werden k\u00f6nnen, greifen wir jedoch teilweise auf andere Anbieter zur\u00fcck. Deshalb k\u00f6nnen Beitr\u00e4ge auf dieser Website eingebettete Inhalte beinhalten (z.&nbsp;B. Videos, Bilder, Beitr\u00e4ge etc.). Eingebettete Inhalte von anderen Websites verhalten sich exakt so, als ob der Besucher die andere Website besucht h\u00e4tte.<\/p>\n\n\n\n<p>Diese Websites k\u00f6nnen Daten \u00fcber Sie sammeln, Cookies benutzen, zus\u00e4tzliche Tracking-Dienste von Dritten einbetten und Ihre Interaktion mit diesem eingebetteten Inhalt aufzeichnen, inklusive Ihrer Interaktion mit dem eingebetteten Inhalt, falls Sie ein Konto haben und auf dieser Website angemeldet sind. Dies schlie\u00dft die Einbettung von Google Fonts (Schriften) ausdr\u00fccklich mit ein, die von externen Servern abgerufen werden k\u00f6nnen.<\/p>\n\n\n\n<h3 class=\"wp-block-heading\">Widerruf, \u00c4nderungen, Berichtigungen und Aktualisierungen<\/h3>\n\n\n\n<p>Der Nutzer hat das Recht, auf Antrag unentgeltlich Auskunft zu erhalten \u00fcber die personenbezogenen Daten, die \u00fcber ihn gespeichert wurden. Zus\u00e4tzlich hat der Nutzer das Recht auf Berichtigung unrichtiger Daten, Sperrung und L\u00f6schung seiner personenbezogenen Daten, soweit dem keine gesetzliche Aufbewahrungspflicht entgegensteht.<\/p>\n","protected":false},"excerpt":{"rendered":"<p>Wer wir sind Die Adresse unserer Website ist: https:\/\/www.katrin-klink.de Geltungsbereich Diese Datenschutzerkl\u00e4rung kl\u00e4rt Nutzer \u00fcber die Art, den Umfang und Zwecke der Erhebung und Verwendung personenbezogener Daten durch den verantwortlichen Anbieter dieser Website, Katrin Klink, Niehler Str. 314, D-50735 K\u00f6ln, (im folgenden \u201cAngebot\u201d) auf. Die rechtlichen Grundlagen des Datenschutzes finden sich im Bundesdatenschutzgesetz (BDSG) und [&hellip;]<\/p>\n","protected":false},"author":1,"featured_media":0,"parent":0,"menu_order":0,"comment_status":"closed","ping_status":"open","template":"","meta":{"_uag_custom_page_level_css":"","advgb_blocks_editor_width":"","advgb_blocks_columns_visual_guide":"","footnotes":""},"uagb_featured_image_src":{"full":false,"thumbnail":false,"medium":false,"medium_large":false,"large":false,"1536x1536":false,"2048x2048":false},"uagb_author_info":{"display_name":"sabineickler","author_link":"https:\/\/www.sabine-ickler.de\/kunden\/katrinklink\/author\/sabineickler\/"},"uagb_comment_info":0,"uagb_excerpt":"Wer wir sind Die Adresse unserer Website ist: https:\/\/www.katrin-klink.de Geltungsbereich Diese Datenschutzerkl\u00e4rung kl\u00e4rt Nutzer \u00fcber die Art, den Umfang und Zwecke der Erhebung und Verwendung personenbezogener Daten durch den verantwortlichen Anbieter dieser Website, Katrin Klink, Niehler Str. 314, D-50735 K\u00f6ln, (im folgenden \u201cAngebot\u201d) auf. Die rechtlichen Grundlagen des Datenschutzes finden sich im Bundesdatenschutzgesetz (BDSG) und&hellip;","coauthors":[],"author_meta":{"author_link":"https:\/\/www.sabine-ickler.de\/kunden\/katrinklink\/author\/sabineickler\/","display_name":"sabineickler"},"relative_dates":{"created":"Posted 2\u00a0Jahren ago","modified":"Updated 2\u00a0Jahren ago"},"absolute_dates":{"created":"Posted on 12. Juli 2024","modified":"Updated on 16. Juli 2024"},"absolute_dates_time":{"created":"Posted on 12. Juli 2024 20:52","modified":"Updated on 16. Juli 2024 7:53"},"featured_img_caption":"","featured_img":false,"series_order":"","_links":{"self":[{"href":"https:\/\/www.sabine-ickler.de\/kunden\/katrinklink\/wp-json\/wp\/v2\/pages\/3"}],"collection":[{"href":"https:\/\/www.sabine-ickler.de\/kunden\/katrinklink\/wp-json\/wp\/v2\/pages"}],"about":[{"href":"https:\/\/www.sabine-ickler.de\/kunden\/katrinklink\/wp-json\/wp\/v2\/types\/page"}],"author":[{"embeddable":true,"href":"https:\/\/www.sabine-ickler.de\/kunden\/katrinklink\/wp-json\/wp\/v2\/users\/1"}],"replies":[{"embeddable":true,"href":"https:\/\/www.sabine-ickler.de\/kunden\/katrinklink\/wp-json\/wp\/v2\/comments?post=3"}],"version-history":[{"count":1,"href":"https:\/\/www.sabine-ickler.de\/kunden\/katrinklink\/wp-json\/wp\/v2\/pages\/3\/revisions"}],"predecessor-version":[{"id":489,"href":"https:\/\/www.sabine-ickler.de\/kunden\/katrinklink\/wp-json\/wp\/v2\/pages\/3\/revisions\/489"}],"wp:attachment":[{"href":"https:\/\/www.sabine-ickler.de\/kunden\/katrinklink\/wp-json\/wp\/v2\/media?parent=3"}],"curies":[{"name":"wp","href":"https:\/\/api.w.org\/{rel}","templated":true}]}}